{"id":4190,"date":"2018-12-10T08:32:57","date_gmt":"2018-12-10T07:32:57","guid":{"rendered":"http:\/\/lehmann.staging-development.de\/impressum"},"modified":"2025-01-20T11:53:17","modified_gmt":"2025-01-20T10:53:17","slug":"imprint","status":"publish","type":"page","link":"https:\/\/www.lehmann-uhren.com\/en\/imprint","title":{"rendered":"Imprint"},"content":{"rendered":"\t\t\t<section  class=\"content-section    pt-40-xs pb-40-xs pt-50-md pb-50-md pt-70-lg pb-70-lg  no-margin\"   >\n\n\t\t\t\t\n\t\t\t\t\n\t\t\t\t\n\t\t\t\t<div class=\"row  \">\n\n\t\t\t\t\t[vc_column vc_padding_inner=&#8221;pl-55-lg&#8221;][vc_column_text css=&#8221;&#8221; vc_rwd=&#8221;&#8221;]\n<h3>Angaben gem\u00e4\u00df \u00a7 5 TMG:<\/h3>\n<p>Lehmann Pr\u00e4zision GmbH<br \/>\nUhrenmanufaktur<br \/>\nWeilerstra\u00dfe 27<br \/>\nD \u2013 78739 Hardt<\/p>\n<p>&nbsp;<\/p>\n<h3>Vertreten durch:<\/h3>\n<p>Gesch\u00e4ftsf\u00fchrer: Markus Lehmann<\/p>\n<p>&nbsp;<\/p>\n<h3>Kontakt<\/h3>\n<p>Telefon: +49 7422 95800<br \/>\nE-Mail: <a href=\"&#x6d;&#97;i&#x6c;&#x74;&#111;:&#x69;&#x6e;&#102;o&#x40;&#108;e&#x68;&#x6d;&#97;n&#x6e;&#x2d;&#117;h&#x72;&#101;&#110;&#x2e;&#x63;&#111;m\">&#x69;&#x6e;&#x66;&#x6f;&#x40;&#x6c;&#x65;&#x68;&#x6d;&#x61;&#x6e;&#x6e;&#x2d;&#x75;&#104;&#114;&#101;&#110;&#46;&#99;&#111;&#109;<\/a><\/p>\n<p>&nbsp;<\/p>\n<h3>Inhaltlich verantwortlich gem\u00e4\u00df \u00a7 10 MDStV:<\/h3>\n<p>Markus Lehmann<br \/>\nLehmann Pr\u00e4zision GmbH<br \/>\nUhrenmanufaktur<br \/>\nWeilerstra\u00dfe 27<br \/>\nD \u2013 78739 Hardt<\/p>\n<p>&nbsp;<\/p>\n<h3>Umsatzsteuer-Identifikationsnummer gem\u00e4\u00df \u00a727 a Umsatzsteuergesetz:<\/h3>\n<p>DE193 036 805<\/p>\n<p>&nbsp;<\/p>\n<h3>Streitschlichtung<\/h3>\n<p>Die Europ\u00e4ische Kommission stellt eine Plattform zur Online-Streitbeilegung (OS) bereit:\u00a0<a href=\"https:\/\/ec.europa.eu\/consumers\/odr\" target=\"_blank\" rel=\"noopener noreferrer\">https:\/\/ec.europa.eu\/consumers\/odr<\/a>.<br \/>\nUnsere E-Mail-Adresse finden Sie oben im Impressum. Wir sind nicht bereit oder verpflichtet, an Streitbeilegungsverfahren vor einer Verbraucherschlichtungsstelle teilzunehmen.[\/vc_column_text][vc_column_text]\n<h3>Haftung f\u00fcr Inhalte<\/h3>\n<p>Als Diensteanbieter sind wir gem\u00e4\u00df \u00a7 7 Abs.1 TMG f\u00fcr eigene Inhalte auf diesen Seiten nach den allgemeinen Gesetzen verantwortlich. Nach \u00a7\u00a7 8 bis 10 TMG sind wir als Diensteanbieter jedoch nicht verpflichtet, \u00fcbermittelte oder gespeicherte fremde Informationen zu \u00fcberwachen oder nach Umst\u00e4nden zu forschen, die auf eine rechtswidrige T\u00e4tigkeit hinweisen.<\/p>\n<p>Verpflichtungen zur Entfernung oder Sperrung der Nutzung von Informationen nach den allgemeinen Gesetzen bleiben hiervon unber\u00fchrt. Eine diesbez\u00fcgliche Haftung ist jedoch erst ab dem Zeitpunkt der Kenntnis einer konkreten Rechtsverletzung m\u00f6glich. Bei Bekanntwerden von entsprechenden Rechtsverletzungen werden wir diese Inhalte umgehend entfernen.<\/p>\n<h3>Haftung f\u00fcr Links<\/h3>\n<p>Unser Angebot enth\u00e4lt Links zu externen Websites Dritter, auf deren Inhalte wir keinen Einfluss haben. Deshalb k\u00f6nnen wir f\u00fcr diese fremden Inhalte auch keine Gew\u00e4hr \u00fcbernehmen. F\u00fcr die Inhalte der verlinkten Seiten ist stets der jeweilige Anbieter oder Betreiber der Seiten verantwortlich. Die verlinkten Seiten wurden zum Zeitpunkt der Verlinkung auf m\u00f6gliche Rechtsverst\u00f6\u00dfe \u00fcberpr\u00fcft. Rechtswidrige Inhalte waren zum Zeitpunkt der Verlinkung nicht erkennbar.<\/p>\n<p>Eine permanente inhaltliche Kontrolle der verlinkten Seiten ist jedoch ohne konkrete Anhaltspunkte einer Rechtsverletzung nicht zumutbar. Bei Bekanntwerden von Rechtsverletzungen werden wir derartige Links umgehend entfernen.<\/p>\n<h3>Urheberrecht<\/h3>\n<p>Die durch die Seitenbetreiber erstellten Inhalte und Werke auf diesen Seiten unterliegen dem deutschen Urheberrecht. Die Vervielf\u00e4ltigung, Bearbeitung, Verbreitung und jede Art der Verwertung au\u00dferhalb der Grenzen des Urheberrechtes bed\u00fcrfen der schriftlichen Zustimmung des jeweiligen Autors bzw. Erstellers. Downloads und Kopien dieser Seite sind nur f\u00fcr den privaten, nicht kommerziellen Gebrauch gestattet.<\/p>\n<p>Soweit die Inhalte auf dieser Seite nicht vom Betreiber erstellt wurden, werden die Urheberrechte Dritter beachtet. Insbesondere werden Inhalte Dritter als solche gekennzeichnet. Sollten Sie trotzdem auf eine Urheberrechtsverletzung aufmerksam werden, bitten wir um einen entsprechenden Hinweis. Bei Bekanntwerden von Rechtsverletzungen werden wir derartige Inhalte umgehend entfernen.[\/vc_column_text][\/vc_column]\n\t\t\t\t<\/div>\n\n\t\t\t\t\n\t\t\t\t\n\t\t\t\n\t\t\t\n\t\t<\/section>\n\n\t\n","protected":false},"excerpt":{"rendered":"[vc_column vc_padding_inner=\"pl-55-lg\"][vc_column_text css=\"\" vc_rwd=\"\"] Angaben gem\u00e4\u00df \u00a7 5 TMG: Lehmann Pr\u00e4zision GmbH Uhrenmanufaktur Weilerstra\u00dfe 27 D \u2013 78739 Hardt &nbsp; Vertreten durch: Gesch\u00e4ftsf\u00fchrer: Markus Lehmann &nbsp; Kontakt Telefon: +49 7422 95800 E-Mail: &#x69;&#x6e;&#102;o&#x40;&#x6c;&#101;hm&#x61;&#x6e;&#110;-&#x75;&#x68;&#114;&#101;n&#x2e;&#x63;&#111;m &nbsp; Inhaltlich verantwortlich gem\u00e4\u00df \u00a7 10 MDStV: Markus Lehmann Lehmann Pr\u00e4zision GmbH Uhrenmanufaktur Weilerstra\u00dfe 27 D \u2013 <a class=\"moretag\" href=\"https:\/\/www.lehmann-uhren.com\/en\/imprint\">read more...<\/a>","protected":false},"author":1,"featured_media":0,"parent":0,"menu_order":16,"comment_status":"closed","ping_status":"closed","template":"","meta":{"_acf_changed":false,"footnotes":""},"class_list":["post-4190","page","type-page","status-publish","hentry"],"acf":[],"yoast_head":"<!-- This site is optimized with the Yoast SEO plugin v27.4 - https:\/\/yoast.com\/product\/yoast-seo-wordpress\/ -->\n<title>Imprint - Lehmann Uhren<\/title>\n<meta name=\"robots\" content=\"index, follow, max-snippet:-1, max-image-preview:large, max-video-preview:-1\" \/>\n<link rel=\"canonical\" href=\"https:\/\/www.lehmann-uhren.com\/en\/imprint\" \/>\n<meta property=\"og:locale\" content=\"en_US\" \/>\n<meta property=\"og:type\" content=\"article\" \/>\n<meta property=\"og:title\" content=\"Imprint - Lehmann Uhren\" \/>\n<meta property=\"og:url\" content=\"https:\/\/www.lehmann-uhren.com\/en\/imprint\" \/>\n<meta property=\"og:site_name\" content=\"Lehmann Uhren\" \/>\n<meta property=\"article:modified_time\" content=\"2025-01-20T10:53:17+00:00\" \/>\n<meta name=\"twitter:card\" content=\"summary_large_image\" \/>\n<meta name=\"twitter:label1\" content=\"Est. reading time\" \/>\n\t<meta name=\"twitter:data1\" content=\"3 minutes\" \/>\n<script type=\"application\/ld+json\" class=\"yoast-schema-graph\">{\"@context\":\"https:\\\/\\\/schema.org\",\"@graph\":[{\"@type\":\"WebPage\",\"@id\":\"https:\\\/\\\/www.lehmann-uhren.com\\\/en\\\/imprint\",\"url\":\"https:\\\/\\\/www.lehmann-uhren.com\\\/en\\\/imprint\",\"name\":\"Imprint - Lehmann Uhren\",\"isPartOf\":{\"@id\":\"https:\\\/\\\/www.lehmann-uhren.com\\\/en\\\/#website\"},\"datePublished\":\"2018-12-10T07:32:57+00:00\",\"dateModified\":\"2025-01-20T10:53:17+00:00\",\"breadcrumb\":{\"@id\":\"https:\\\/\\\/www.lehmann-uhren.com\\\/en\\\/imprint#breadcrumb\"},\"inLanguage\":\"en-US\",\"potentialAction\":[{\"@type\":\"ReadAction\",\"target\":[\"https:\\\/\\\/www.lehmann-uhren.com\\\/en\\\/imprint\"]}]},{\"@type\":\"BreadcrumbList\",\"@id\":\"https:\\\/\\\/www.lehmann-uhren.com\\\/en\\\/imprint#breadcrumb\",\"itemListElement\":[{\"@type\":\"ListItem\",\"position\":1,\"name\":\"Startseite\",\"item\":\"https:\\\/\\\/www.lehmann-uhren.com\\\/en\"},{\"@type\":\"ListItem\",\"position\":2,\"name\":\"Imprint\"}]},{\"@type\":\"WebSite\",\"@id\":\"https:\\\/\\\/www.lehmann-uhren.com\\\/en\\\/#website\",\"url\":\"https:\\\/\\\/www.lehmann-uhren.com\\\/en\\\/\",\"name\":\"Lehmann Uhren\",\"description\":\"Uhrenmanufaktur aus dem Schwarzwald\",\"potentialAction\":[{\"@type\":\"SearchAction\",\"target\":{\"@type\":\"EntryPoint\",\"urlTemplate\":\"https:\\\/\\\/www.lehmann-uhren.com\\\/en\\\/?s={search_term_string}\"},\"query-input\":{\"@type\":\"PropertyValueSpecification\",\"valueRequired\":true,\"valueName\":\"search_term_string\"}}],\"inLanguage\":\"en-US\"}]}<\/script>\n<!-- \/ Yoast SEO plugin. -->","yoast_head_json":{"title":"Imprint - Lehmann Uhren","robots":{"index":"index","follow":"follow","max-snippet":"max-snippet:-1","max-image-preview":"max-image-preview:large","max-video-preview":"max-video-preview:-1"},"canonical":"https:\/\/www.lehmann-uhren.com\/en\/imprint","og_locale":"en_US","og_type":"article","og_title":"Imprint - Lehmann Uhren","og_url":"https:\/\/www.lehmann-uhren.com\/en\/imprint","og_site_name":"Lehmann Uhren","article_modified_time":"2025-01-20T10:53:17+00:00","twitter_card":"summary_large_image","twitter_misc":{"Est. reading time":"3 minutes"},"schema":{"@context":"https:\/\/schema.org","@graph":[{"@type":"WebPage","@id":"https:\/\/www.lehmann-uhren.com\/en\/imprint","url":"https:\/\/www.lehmann-uhren.com\/en\/imprint","name":"Imprint - Lehmann Uhren","isPartOf":{"@id":"https:\/\/www.lehmann-uhren.com\/en\/#website"},"datePublished":"2018-12-10T07:32:57+00:00","dateModified":"2025-01-20T10:53:17+00:00","breadcrumb":{"@id":"https:\/\/www.lehmann-uhren.com\/en\/imprint#breadcrumb"},"inLanguage":"en-US","potentialAction":[{"@type":"ReadAction","target":["https:\/\/www.lehmann-uhren.com\/en\/imprint"]}]},{"@type":"BreadcrumbList","@id":"https:\/\/www.lehmann-uhren.com\/en\/imprint#breadcrumb","itemListElement":[{"@type":"ListItem","position":1,"name":"Startseite","item":"https:\/\/www.lehmann-uhren.com\/en"},{"@type":"ListItem","position":2,"name":"Imprint"}]},{"@type":"WebSite","@id":"https:\/\/www.lehmann-uhren.com\/en\/#website","url":"https:\/\/www.lehmann-uhren.com\/en\/","name":"Lehmann Uhren","description":"Uhrenmanufaktur aus dem Schwarzwald","potentialAction":[{"@type":"SearchAction","target":{"@type":"EntryPoint","urlTemplate":"https:\/\/www.lehmann-uhren.com\/en\/?s={search_term_string}"},"query-input":{"@type":"PropertyValueSpecification","valueRequired":true,"valueName":"search_term_string"}}],"inLanguage":"en-US"}]}},"_links":{"self":[{"href":"https:\/\/www.lehmann-uhren.com\/en\/wp-json\/wp\/v2\/pages\/4190","targetHints":{"allow":["GET"]}}],"collection":[{"href":"https:\/\/www.lehmann-uhren.com\/en\/wp-json\/wp\/v2\/pages"}],"about":[{"href":"https:\/\/www.lehmann-uhren.com\/en\/wp-json\/wp\/v2\/types\/page"}],"author":[{"embeddable":true,"href":"https:\/\/www.lehmann-uhren.com\/en\/wp-json\/wp\/v2\/users\/1"}],"replies":[{"embeddable":true,"href":"https:\/\/www.lehmann-uhren.com\/en\/wp-json\/wp\/v2\/comments?post=4190"}],"version-history":[{"count":2,"href":"https:\/\/www.lehmann-uhren.com\/en\/wp-json\/wp\/v2\/pages\/4190\/revisions"}],"predecessor-version":[{"id":6024,"href":"https:\/\/www.lehmann-uhren.com\/en\/wp-json\/wp\/v2\/pages\/4190\/revisions\/6024"}],"wp:attachment":[{"href":"https:\/\/www.lehmann-uhren.com\/en\/wp-json\/wp\/v2\/media?parent=4190"}],"curies":[{"name":"wp","href":"https:\/\/api.w.org\/{rel}","templated":true}]}}